{"id":10,"date":"2024-09-09T20:07:21","date_gmt":"2024-09-09T20:07:21","guid":{"rendered":"https:\/\/piotrgoralczyk.pl\/?page_id=10"},"modified":"2025-11-11T00:44:48","modified_gmt":"2025-11-11T00:44:48","slug":"10-2","status":"publish","type":"page","link":"https:\/\/piotrgoralczyk.pl\/?page_id=10","title":{"rendered":"Case Studies"},"content":{"rendered":"\n<div style=\"margin-top:0;margin-bottom:0;height:var(--wp--preset--spacing--20)\" aria-hidden=\"true\" class=\"wp-block-spacer\"><\/div>\n\n\n\n<div class=\"wp-block-group alignwide has-global-padding is-layout-constrained wp-block-group-is-layout-constrained\">\n<h3 class=\"wp-block-heading alignwide has-large-font-size\" style=\"line-height:1.2\">Nazywam si\u0119 <em>Piotr G\u00f3ralczyk<\/em> i jestem <em>architektem<\/em>, moja pasja\/praca to projektowanie. Projektowanie szeroko poj\u0119te. Przek\u0142adanie pomys\u0142u w &#8222;rzeczy&#8221; potrzebne i przydatne.<\/h3>\n<\/div>\n\n\n\n<div class=\"wp-block-group alignfull has-global-padding is-layout-constrained wp-container-core-group-is-layout-b25ccd55 wp-block-group-is-layout-constrained\" style=\"margin-top:0;margin-bottom:0;padding-top:var(--wp--preset--spacing--50);padding-right:var(--wp--preset--spacing--50);padding-bottom:var(--wp--preset--spacing--50);padding-left:var(--wp--preset--spacing--50)\">\n<div class=\"wp-block-columns alignwide is-layout-flex wp-container-core-columns-is-layout-ff4b9c61 wp-block-columns-is-layout-flex\" style=\"margin-top:0;margin-bottom:0\">\n<div class=\"wp-block-column is-layout-flow wp-container-core-column-is-layout-8a368f38 wp-block-column-is-layout-flow\">\n<figure class=\"wp-block-image size-large has-custom-border is-style-rounded is-style-rounded--1\"><img loading=\"lazy\" decoding=\"async\" width=\"1024\" height=\"576\" src=\"https:\/\/piotrgoralczyk.pl\/wp-content\/uploads\/2024\/09\/07-WC-02-02-1024x576.jpg\" alt=\"\" class=\"wp-image-11\" style=\"border-radius:10px;aspect-ratio:4\/3;object-fit:cover\" srcset=\"https:\/\/piotrgoralczyk.pl\/wp-content\/uploads\/2024\/09\/07-WC-02-02-1024x576.jpg 1024w, https:\/\/piotrgoralczyk.pl\/wp-content\/uploads\/2024\/09\/07-WC-02-02-300x169.jpg 300w, https:\/\/piotrgoralczyk.pl\/wp-content\/uploads\/2024\/09\/07-WC-02-02-768x432.jpg 768w, https:\/\/piotrgoralczyk.pl\/wp-content\/uploads\/2024\/09\/07-WC-02-02-1536x864.jpg 1536w, https:\/\/piotrgoralczyk.pl\/wp-content\/uploads\/2024\/09\/07-WC-02-02.jpg 1920w\" sizes=\"auto, (max-width: 1024px) 100vw, 1024px\" \/><\/figure>\n\n\n\n<div style=\"height:var(--wp--preset--spacing--20)\" aria-hidden=\"true\" class=\"wp-block-spacer\"><\/div>\n\n\n\n<figure class=\"wp-block-image size-large is-style-rounded is-style-rounded--2\"><img loading=\"lazy\" decoding=\"async\" width=\"768\" height=\"1024\" src=\"https:\/\/piotrgoralczyk.pl\/wp-content\/uploads\/2024\/09\/rew-768x1024.jpg\" alt=\"\" class=\"wp-image-8\" style=\"aspect-ratio:3\/4;object-fit:cover\" srcset=\"https:\/\/piotrgoralczyk.pl\/wp-content\/uploads\/2024\/09\/rew-768x1024.jpg 768w, https:\/\/piotrgoralczyk.pl\/wp-content\/uploads\/2024\/09\/rew-225x300.jpg 225w, https:\/\/piotrgoralczyk.pl\/wp-content\/uploads\/2024\/09\/rew-1152x1536.jpg 1152w, https:\/\/piotrgoralczyk.pl\/wp-content\/uploads\/2024\/09\/rew.jpg 1344w\" sizes=\"auto, (max-width: 768px) 100vw, 768px\" \/><\/figure>\n\n\n\n<div style=\"height:var(--wp--preset--spacing--20)\" aria-hidden=\"true\" class=\"wp-block-spacer\"><\/div>\n\n\n<\/div>\n\n\n\n<div class=\"wp-block-column is-layout-flow wp-container-core-column-is-layout-8a368f38 wp-block-column-is-layout-flow\">\n<figure class=\"wp-block-image size-large has-custom-border is-style-rounded is-style-rounded--4\"><img loading=\"lazy\" decoding=\"async\" width=\"1024\" height=\"683\" src=\"https:\/\/piotrgoralczyk.pl\/wp-content\/uploads\/2025\/08\/ChatGPT-Image-7-sie-2025-13_08_53-1-1024x683.png\" alt=\"\" class=\"wp-image-33\" style=\"border-radius:10px;aspect-ratio:3\/2;object-fit:cover\" srcset=\"https:\/\/piotrgoralczyk.pl\/wp-content\/uploads\/2025\/08\/ChatGPT-Image-7-sie-2025-13_08_53-1-1024x683.png 1024w, https:\/\/piotrgoralczyk.pl\/wp-content\/uploads\/2025\/08\/ChatGPT-Image-7-sie-2025-13_08_53-1-300x200.png 300w, https:\/\/piotrgoralczyk.pl\/wp-content\/uploads\/2025\/08\/ChatGPT-Image-7-sie-2025-13_08_53-1-768x512.png 768w, https:\/\/piotrgoralczyk.pl\/wp-content\/uploads\/2025\/08\/ChatGPT-Image-7-sie-2025-13_08_53-1.png 1536w\" sizes=\"auto, (max-width: 1024px) 100vw, 1024px\" \/><\/figure>\n\n\n\n<div style=\"height:var(--wp--preset--spacing--20)\" aria-hidden=\"true\" class=\"wp-block-spacer\"><\/div>\n\n\n\n<figure class=\"wp-block-image is-style-rounded is-style-rounded--5\"><img loading=\"lazy\" decoding=\"async\" width=\"1024\" height=\"768\" src=\"https:\/\/piotrgoralczyk.pl\/wp-content\/uploads\/2025\/08\/Default_Generate_a_photo_of_the_interior_of_a_room_designed_in_1.jpg\" alt=\"\" class=\"wp-image-37\" srcset=\"https:\/\/piotrgoralczyk.pl\/wp-content\/uploads\/2025\/08\/Default_Generate_a_photo_of_the_interior_of_a_room_designed_in_1.jpg 1024w, https:\/\/piotrgoralczyk.pl\/wp-content\/uploads\/2025\/08\/Default_Generate_a_photo_of_the_interior_of_a_room_designed_in_1-300x225.jpg 300w, https:\/\/piotrgoralczyk.pl\/wp-content\/uploads\/2025\/08\/Default_Generate_a_photo_of_the_interior_of_a_room_designed_in_1-768x576.jpg 768w\" sizes=\"auto, (max-width: 1024px) 100vw, 1024px\" \/><\/figure>\n\n\n\n<div style=\"height:var(--wp--preset--spacing--20)\" aria-hidden=\"true\" class=\"wp-block-spacer\"><\/div>\n\n\n\n<figure class=\"wp-block-image size-large is-style-rounded is-style-rounded--6\"><img loading=\"lazy\" decoding=\"async\" width=\"1024\" height=\"624\" src=\"https:\/\/piotrgoralczyk.pl\/wp-content\/uploads\/2025\/08\/MNMLAI_INTERIORAI_00001_-1024x624.png\" alt=\"\" class=\"wp-image-39\" srcset=\"https:\/\/piotrgoralczyk.pl\/wp-content\/uploads\/2025\/08\/MNMLAI_INTERIORAI_00001_-1024x624.png 1024w, https:\/\/piotrgoralczyk.pl\/wp-content\/uploads\/2025\/08\/MNMLAI_INTERIORAI_00001_-300x183.png 300w, https:\/\/piotrgoralczyk.pl\/wp-content\/uploads\/2025\/08\/MNMLAI_INTERIORAI_00001_-768x468.png 768w, https:\/\/piotrgoralczyk.pl\/wp-content\/uploads\/2025\/08\/MNMLAI_INTERIORAI_00001_.png 1536w\" sizes=\"auto, (max-width: 1024px) 100vw, 1024px\" \/><\/figure>\n<\/div>\n\n\n\n<div class=\"wp-block-column is-layout-flow wp-container-core-column-is-layout-8a368f38 wp-block-column-is-layout-flow\">\n<figure class=\"wp-block-image size-large has-custom-border is-style-rounded is-style-rounded--7\"><img loading=\"lazy\" decoding=\"async\" width=\"1024\" height=\"683\" src=\"https:\/\/piotrgoralczyk.pl\/wp-content\/uploads\/2025\/08\/ChatGPT-Image-5-sie-2025-18_32_45-1024x683.png\" alt=\"\" class=\"wp-image-32\" style=\"border-radius:0px;aspect-ratio:3\/2;object-fit:cover\" srcset=\"https:\/\/piotrgoralczyk.pl\/wp-content\/uploads\/2025\/08\/ChatGPT-Image-5-sie-2025-18_32_45-1024x683.png 1024w, https:\/\/piotrgoralczyk.pl\/wp-content\/uploads\/2025\/08\/ChatGPT-Image-5-sie-2025-18_32_45-300x200.png 300w, https:\/\/piotrgoralczyk.pl\/wp-content\/uploads\/2025\/08\/ChatGPT-Image-5-sie-2025-18_32_45-768x512.png 768w, https:\/\/piotrgoralczyk.pl\/wp-content\/uploads\/2025\/08\/ChatGPT-Image-5-sie-2025-18_32_45.png 1536w\" sizes=\"auto, (max-width: 1024px) 100vw, 1024px\" \/><\/figure>\n\n\n\n<div style=\"height:var(--wp--preset--spacing--20)\" aria-hidden=\"true\" class=\"wp-block-spacer\"><\/div>\n\n\n\n<figure class=\"wp-block-image size-large has-custom-border is-style-rounded wp-duotone-unset-9 is-style-rounded--8\"><img loading=\"lazy\" decoding=\"async\" width=\"1024\" height=\"747\" src=\"https:\/\/piotrgoralczyk.pl\/wp-content\/uploads\/2025\/11\/myarchitectai_aoz7xl3wz_sd-1024x747.jpg\" alt=\"\" class=\"wp-image-43\" style=\"border-style:none;border-width:0px;border-radius:10px;aspect-ratio:4\/3;object-fit:cover\" srcset=\"https:\/\/piotrgoralczyk.pl\/wp-content\/uploads\/2025\/11\/myarchitectai_aoz7xl3wz_sd-1024x747.jpg 1024w, https:\/\/piotrgoralczyk.pl\/wp-content\/uploads\/2025\/11\/myarchitectai_aoz7xl3wz_sd-300x219.jpg 300w, https:\/\/piotrgoralczyk.pl\/wp-content\/uploads\/2025\/11\/myarchitectai_aoz7xl3wz_sd-768x560.jpg 768w, https:\/\/piotrgoralczyk.pl\/wp-content\/uploads\/2025\/11\/myarchitectai_aoz7xl3wz_sd.jpg 1184w\" sizes=\"auto, (max-width: 1024px) 100vw, 1024px\" \/><\/figure>\n\n\n\n<div style=\"height:var(--wp--preset--spacing--50)\" aria-hidden=\"true\" class=\"wp-block-spacer\"><\/div>\n\n\n<\/div>\n<\/div>\n<\/div>\n\n\n\n<p><\/p>\n","protected":false},"excerpt":{"rendered":"<p>Nazywam si\u0119 Piotr G\u00f3ralczyk i jestem architektem, moja pasja\/praca to projektowanie. Projektowanie szeroko poj\u0119te. Przek\u0142adanie pomys\u0142u w &#8222;rzeczy&#8221; potrzebne i przydatne.<\/p>\n","protected":false},"author":1,"featured_media":33,"parent":0,"menu_order":0,"comment_status":"closed","ping_status":"closed","template":"","meta":{"footnotes":""},"class_list":["post-10","page","type-page","status-publish","has-post-thumbnail","hentry"],"_links":{"self":[{"href":"https:\/\/piotrgoralczyk.pl\/index.php?rest_route=\/wp\/v2\/pages\/10","targetHints":{"allow":["GET"]}}],"collection":[{"href":"https:\/\/piotrgoralczyk.pl\/index.php?rest_route=\/wp\/v2\/pages"}],"about":[{"href":"https:\/\/piotrgoralczyk.pl\/index.php?rest_route=\/wp\/v2\/types\/page"}],"author":[{"embeddable":true,"href":"https:\/\/piotrgoralczyk.pl\/index.php?rest_route=\/wp\/v2\/users\/1"}],"replies":[{"embeddable":true,"href":"https:\/\/piotrgoralczyk.pl\/index.php?rest_route=%2Fwp%2Fv2%2Fcomments&post=10"}],"version-history":[{"count":10,"href":"https:\/\/piotrgoralczyk.pl\/index.php?rest_route=\/wp\/v2\/pages\/10\/revisions"}],"predecessor-version":[{"id":45,"href":"https:\/\/piotrgoralczyk.pl\/index.php?rest_route=\/wp\/v2\/pages\/10\/revisions\/45"}],"wp:featuredmedia":[{"embeddable":true,"href":"https:\/\/piotrgoralczyk.pl\/index.php?rest_route=\/wp\/v2\/media\/33"}],"wp:attachment":[{"href":"https:\/\/piotrgoralczyk.pl\/index.php?rest_route=%2Fwp%2Fv2%2Fmedia&parent=10"}],"curies":[{"name":"wp","href":"https:\/\/api.w.org\/{rel}","templated":true}]}}